{"id":879,"date":"2016-04-23T09:03:17","date_gmt":"2016-04-23T09:03:17","guid":{"rendered":"http:\/\/idigstories.eu\/?page_id=879&#038;lang=el"},"modified":"2016-04-23T10:10:05","modified_gmt":"2016-04-23T10:10:05","slug":"idgs-project","status":"publish","type":"page","link":"https:\/\/idigstories.eu\/hu\/idgs-project\/","title":{"rendered":"Project"},"content":{"rendered":"<p>[et_pb_section admin_label=&#8221;section&#8221; fullwidth=&#8221;on&#8221; specialty=&#8221;off&#8221; inner_shadow=&#8221;off&#8221; parallax=&#8221;off&#8221; background_color=&#8221;#ffffff&#8221; transparent_background=&#8221;off&#8221; allow_player_pause=&#8221;off&#8221; parallax_method=&#8221;off&#8221; padding_mobile=&#8221;off&#8221; make_fullwidth=&#8221;off&#8221; use_custom_width=&#8221;off&#8221; width_unit=&#8221;on&#8221; make_equal=&#8221;off&#8221; use_custom_gutter=&#8221;off&#8221; gutter_width=&#8221;3&#8243;][et_pb_fullwidth_header admin_label=&#8221;Fullwidth Header&#8221; title=&#8221;Project&#8221; background_layout=&#8221;light&#8221; text_orientation=&#8221;left&#8221; header_fullscreen=&#8221;off&#8221; header_scroll_down=&#8221;off&#8221; parallax=&#8221;off&#8221; parallax_method=&#8221;off&#8221; content_orientation=&#8221;center&#8221; image_orientation=&#8221;center&#8221; custom_button_one=&#8221;off&#8221; button_one_text_size=&#8221;20&#8243; button_one_border_width=&#8221;2&#8243; button_one_border_radius=&#8221;3&#8243; button_one_letter_spacing=&#8221;0&#8243; button_one_use_icon=&#8221;default&#8221; button_one_icon_placement=&#8221;right&#8221; button_one_on_hover=&#8221;on&#8221; button_one_border_radius_hover=&#8221;3&#8243; button_one_letter_spacing_hover=&#8221;0&#8243; custom_button_two=&#8221;off&#8221; button_two_text_size=&#8221;20&#8243; button_two_border_width=&#8221;2&#8243; button_two_border_radius=&#8221;3&#8243; button_two_letter_spacing=&#8221;0&#8243; button_two_use_icon=&#8221;default&#8221; button_two_icon_placement=&#8221;right&#8221; button_two_on_hover=&#8221;on&#8221; button_two_border_radius_hover=&#8221;3&#8243; button_two_letter_spacing_hover=&#8221;0&#8243; background_color=&#8221;#e1dd52&#8243; subhead=&#8221;I dig stories \u2013 Stories Educational Learning Facilities&#8221; title_font_size=&#8221;40px&#8221; subhead_font_size=&#8221;28px&#8221; logo_image_url=&#8221;http:\/\/idigstories.eu\/wp-content\/uploads\/2015\/12\/IDIG_LogoOcraForma_Def-33&#215;48.png&#8221; module_id=&#8221;page_project_section&#8221; title_font=&#8221;|on||on|&#8221; title_font_color=&#8221;#97963a&#8221;]<\/p>\n<p>&nbsp;<\/p>\n<p>[\/et_pb_fullwidth_header][\/et_pb_section][et_pb_section admin_label=&#8221;section&#8221;][et_pb_row admin_label=&#8221;row&#8221; make_fullwidth=&#8221;off&#8221; use_custom_width=&#8221;off&#8221; width_unit=&#8221;on&#8221; use_custom_gutter=&#8221;off&#8221; gutter_width=&#8221;3&#8243; padding_mobile=&#8221;off&#8221; allow_player_pause=&#8221;off&#8221; parallax=&#8221;off&#8221; parallax_method=&#8221;off&#8221; make_equal=&#8221;off&#8221; parallax_1=&#8221;off&#8221; parallax_method_1=&#8221;off&#8221; column_padding_mobile=&#8221;on&#8221;][et_pb_column type=&#8221;4_4&#8243;][et_pb_text admin_label=&#8221;Text&#8221; background_layout=&#8221;light&#8221; text_orientation=&#8221;left&#8221; text_font_size=&#8221;14&#8243; use_border_color=&#8221;off&#8221; border_color=&#8221;#ffffff&#8221; border_style=&#8221;solid&#8221;]<\/p>\n<p class=\"western\" lang=\"en-GB\">Ez a projekt az Eur\u00f3pai Bizotts\u00e1g \u00e9s az Indire Olasz Nemzeti \u00dcgyn\u00f6ks\u00e9g t\u00e1mogat\u00e1s\u00e1ban, az Erasmus+ programj\u00e1nak az Egy\u00fcttm\u0171k\u00f6d\u00e9sek: innov\u00e1ci\u00f3 \u00e9s j\u00f3 gyakorlatok cser\u00e9je, feln\u0151ttoktat\u00e1si strat\u00e9giai partners\u00e9g alprogramj\u00e1nak keret\u00e9ben val\u00f3sul meg.<\/p>\n<p class=\"western\" lang=\"en-GB\">This project idea evolved from the needs analysis of a Eu population ever evolving under the contribution from new populations, arriving or in transit, &amp; for the large diffusion of digital media.<\/p>\n<p class=\"western\" lang=\"en-GB\">We developed a project that unities the new digital educational tools with the amusement for the discover of the emotional &amp; creative groups dynamics, which allow the participants to emerge from their condition of social invisibility.<\/p>\n<p class=\"western\" lang=\"en-GB\">We are in fact truly convinced that giving back dignity to individuals is a basic &amp; substancial step to build up any possible pathway to inclusion.<\/p>\n<p class=\"western\" lang=\"en-GB\">Subsequently, we decided that Digital StoryTelling (DST) was the tool to cover these needs &amp; succeed our aims. DST refers to a short form of digital film-making that allows everyday people to share aspects of their life story. DST is a relatively new term which describes the new practice of ordinary people who use digital tools to tell their personal \u2018story\u2019, presented in compelling and emotionally engaging formats.<\/p>\n<p class=\"western\" lang=\"en-GB\">One can define digital storytelling as the process by which diverse people share their life story &amp; creative imaginings with others, over the web &amp; other electronic distribution systems. In DST participants take an active role in learning, rather than passively receiving information; they become knowledge creators, producers, editors, evaluators &amp; knowledge inter-actors.<\/p>\n<p>[\/et_pb_text][\/et_pb_column][\/et_pb_row][et_pb_row admin_label=&#8221;row&#8221;][et_pb_column type=&#8221;1_2&#8243;][et_pb_text admin_label=&#8221;Text&#8221; background_layout=&#8221;light&#8221; text_orientation=&#8221;left&#8221; text_font_size=&#8221;14&#8243; use_border_color=&#8221;off&#8221; border_color=&#8221;#ffffff&#8221; border_style=&#8221;solid&#8221;]<\/p>\n<h3>\u201c<span lang=\"en-GB\">I dig stories \u2013 Stories Educational Learning Facilities\u201d will:<\/span><\/h3>\n<ul>\n<li class=\"western\" lang=\"en-GB\">Create &amp; disseminate a methodology guide for the Digital story Telling (DST) methodology<\/li>\n<li class=\"western\" lang=\"en-GB\">Train the consortium\u2019s educational organisations on DST<\/li>\n<li class=\"western\" lang=\"en-GB\">Implement the DST in the educational procedures of the partners, in order to meet their needs during dedicated workshops targeted to meet the intergenerational &amp; intercultural target<\/li>\n<li class=\"western\" lang=\"en-GB\">Develop a toolkit following the feed-back arising from the implementation itself<\/li>\n<li class=\"western\" lang=\"en-GB\">Create a learning e-platform, that will offer the e-public space for the creation of the educational community &amp; the exchange of the educational materials<\/li>\n<li class=\"western\" lang=\"en-GB\">Promote the e-platform and the Digital storytelling as new tools, by the dissemination of the tool-kit and the realization of a multiplier event addressed to education facilitators both at national &amp; Eu level<\/li>\n<\/ul>\n<p>All project intellectual outputs and all tangible deliverables will be available in free download under the Creative Commons \u201cAttribution \u2013 Non Commercial \u2013 Share Alike 4.0 international\u201d license.<\/p>\n<p class=\"western\" lang=\"en-GB\">This license allows everyone, just as all participants to workshops, all those attending the multiplier events and all the e-platform users to remix, tweak, and build upon all project materials non-commercially, as long as they credit the project authors and license their new creations under the identical terms.<\/p>\n<p>[\/et_pb_text][\/et_pb_column][et_pb_column type=&#8221;1_2&#8243;][et_pb_text admin_label=&#8221;Text&#8221; background_layout=&#8221;light&#8221; text_orientation=&#8221;left&#8221; text_font_size=&#8221;14&#8243; use_border_color=&#8221;off&#8221; border_color=&#8221;#ffffff&#8221; border_style=&#8221;solid&#8221;]<\/p>\n<h3>The partnership is composed by:<\/h3>\n<ul>\n<li class=\"western\"><span lang=\"en-GB\">Diciannove societ\u00e0 cooperativa (IT) \u2013 <\/span><span lang=\"zxx\"><u><span lang=\"en-GB\"><a href=\"http:\/\/www.19.coop\/\">www.19.coop<\/a>\u00a0<\/span><\/u><\/span><\/li>\n<li class=\"western\"><span lang=\"en-GB\">Zoe Gestione Servizi Culturali (IT) \u2013 <\/span><span lang=\"zxx\"><u><span lang=\"en-GB\"><a href=\"http:\/\/www.zoecoop.it\/\">www.zoecoop.it<\/a>\u00a0<\/span><\/u><\/span><\/li>\n<li class=\"western\"><span lang=\"en-GB\">Anthropolis Antropologiai Kozhasznu Egyesulet (HU) \u2013 <\/span><span lang=\"zxx\"><u><span lang=\"en-GB\"><a href=\"http:\/\/www.anthropolis.hu\/\">www.anthropolis.hu<\/a>\u00a0<\/span><\/u><\/span><\/li>\n<li class=\"western\"><span lang=\"en-GB\">Danmar Computers sp z o.o. (PL) \u2013 <\/span><span lang=\"zxx\"><u><span lang=\"en-GB\"><a href=\"http:\/\/www.danmar-computers.com.pl\/\">www.danmar-computers.com.pl<\/a>\u00a0<\/span><\/u><\/span><\/li>\n<li class=\"western\"><span lang=\"en-GB\">Vardakeios School of indigent children (EL) \u2013 <\/span><span lang=\"zxx\"><u><span lang=\"en-GB\"><a href=\"http:\/\/www.vardakeios.gr\/\">www.vardakeios.gr<\/a>\u00a0<\/span><\/u><\/span><\/li>\n<li class=\"western\"><span lang=\"en-GB\">Liverpool World Centre (UK) \u2013 <\/span><span lang=\"zxx\"><u><span lang=\"en-GB\"><a href=\"http:\/\/www.liverpoolworldcentre.org\/\">www.liverpoolworldcentre.org<\/a><\/span><\/u><\/span><\/li>\n<\/ul>\n<p>[\/et_pb_text][\/et_pb_column][\/et_pb_row][et_pb_row admin_label=&#8221;Row&#8221;][et_pb_column type=&#8221;4_4&#8243;][et_pb_accordion admin_label=&#8221;Accordion&#8221; toggle_font_size=&#8221;16&#8243; body_font_size=&#8221;14&#8243; use_border_color=&#8221;off&#8221; border_color=&#8221;#ffffff&#8221; border_style=&#8221;solid&#8221;]<\/p>\n<p>[et_pb_accordion_item title=&#8221;Intellectual outputs:&#8221;]<br \/>\n[\/et_pb_accordion_item][et_pb_accordion_item title=&#8221;IO1 &#8211; the project will produce three basic intellectual outputs:&#8221;]<\/p>\n<p>the platform you are currently using, which allow users to publish the project digital stories on a central website together with descriptions and additional information. The platform offers:<\/p>\n<p>&#8211; methodological guide to DST (see IO2 for details)<br \/>\n&#8211; the practical toolkit to prepare and manage your own workshop on DST (see IO3 for details)<br \/>\n&#8211; general information on digital storytelling<br \/>\n&#8211; additional material for educational and organisational purposes<br \/>\n&#8211; links and further literature<br \/>\n&#8211; best practice examples of existing projects<br \/>\n&#8211; news on the topic of digital storytelling<br \/>\n&#8211; downloadable models for digital storytelling trainers for the set up of workshops<\/p>\n<p>[\/et_pb_accordion_item][et_pb_accordion_item title=&#8221;IO2 &#8211; methodological guide to DST&#8221;]<\/p>\n<p>The collegues from Athropolis, with the contribution of all project partners, will write a comprehensive Methodological Guide to the Digital Storytelling. The thematics in which the guide will be developed are:<\/p>\n<p>&#8211; Digital Story Telling: an educational procedure meeting the needs and the creativity of the participants<br \/>\n-Education in 2.0 environment<br \/>\n-The educational e-platform<br \/>\n-Digital Story-telling Method and praxis<\/p>\n<p>[\/et_pb_accordion_item][et_pb_accordion_item title=&#8221;IO3 &#8211; practical toolkit&#8221;]<\/p>\n<p>The Tool-kit will present the implementation of the Digital Story Telling in the project. The toolkit will be created by merging together the e-platform materials, the highlights from the methodological guide, the knowledge and skills gained by partners professional during the joint staff training in Budapest and the results of local workshop held in each single local partners by partners to disseminate the practice. The toolkit will be the result of these local workshops: each partner will collectall materials, video, narrative sets, feedback and comments developped during the workshop sessions.<\/p>\n<p>[\/et_pb_accordion_item]<\/p>\n<p>[\/et_pb_accordion][\/et_pb_column][\/et_pb_row][et_pb_row admin_label=&#8221;Row&#8221;][et_pb_column type=&#8221;4_4&#8243;][et_pb_text admin_label=&#8221;Text&#8221; background_layout=&#8221;light&#8221; text_orientation=&#8221;left&#8221; text_font_size=&#8221;14&#8243; use_border_color=&#8221;off&#8221; border_color=&#8221;#ffffff&#8221; border_style=&#8221;solid&#8221;]<\/p>\n<p class=\"western\" lang=\"en-GB\">All project intellectual outputs &amp; all tangible deliverables are available in free download under the Creative Commons &#8220;Attribution &#8211; Non Commercial &#8211; Share Alike 4.0 international&#8221; license.<\/p>\n<p>[\/et_pb_text][\/et_pb_column][\/et_pb_row][et_pb_row admin_label=&#8221;Row&#8221;][et_pb_column type=&#8221;4_4&#8243;][et_pb_text admin_label=&#8221;Text&#8221; background_layout=&#8221;light&#8221; text_orientation=&#8221;left&#8221; text_font_size=&#8221;14&#8243; use_border_color=&#8221;off&#8221; border_color=&#8221;#ffffff&#8221; border_style=&#8221;solid&#8221;]<\/p>\n<p class=\"western\" lang=\"en-GB\">With a final evaluation of 95\/100, the project awarded one of the highest evaluation ever.<\/p>\n<p>These are the steps so far:<\/p>\n<ul>\n<li>The first transnational meeting took place in Genova (IT) on Wednesday 28 and Thursday 29 October<\/li>\n<li>All digital media are active: search the one you prefer and register to follow the project updates between: LinkedIn [7] &#8211; facebook [8] &#8211; google+ [9] &#8211; twitter<\/li>\n<li>This platform (IO1) is ready and in use<\/li>\n<\/ul>\n<p>We are currently working to:<\/p>\n<ul>\n<li>prepare the LLTA 5-days training session in Budapest, scheduled between 4 and 8 of April<\/li>\n<li>prepare the second transnational meeting that will take place in Budapest on the 9 and 10 of April<\/li>\n<li>write and finalise the DST methodological guide<\/li>\n<\/ul>\n<p>It is possible to receive the project implementation updates by registering to the newsletter.<\/p>\n<p>For more info and details, you can contact us directly by mailing Paolo Brusa at: idigstories@19.coop<\/p>\n<p>[\/et_pb_text][\/et_pb_column][\/et_pb_row][\/et_pb_section]<\/p>\n","protected":false},"excerpt":{"rendered":"<p>[et_pb_section admin_label=&#8221;section&#8221; fullwidth=&#8221;on&#8221; specialty=&#8221;off&#8221; inner_shadow=&#8221;off&#8221; parallax=&#8221;off&#8221; background_color=&#8221;#ffffff&#8221; transparent_background=&#8221;off&#8221; allow_player_pause=&#8221;off&#8221; parallax_method=&#8221;off&#8221; padding_mobile=&#8221;off&#8221; make_fullwidth=&#8221;off&#8221; use_custom_width=&#8221;off&#8221; width_unit=&#8221;on&#8221; make_equal=&#8221;off&#8221; use_custom_gutter=&#8221;off&#8221; gutter_width=&#8221;3&#8243;][et_pb_fullwidth_header admin_label=&#8221;Fullwidth Header&#8221; title=&#8221;Project&#8221; background_layout=&#8221;light&#8221; text_orientation=&#8221;left&#8221; header_fullscreen=&#8221;off&#8221; header_scroll_down=&#8221;off&#8221; parallax=&#8221;off&#8221; parallax_method=&#8221;off&#8221; content_orientation=&#8221;center&#8221; image_orientation=&#8221;center&#8221; custom_button_one=&#8221;off&#8221; button_one_text_size=&#8221;20&#8243; button_one_border_width=&#8221;2&#8243; button_one_border_radius=&#8221;3&#8243; button_one_letter_spacing=&#8221;0&#8243; button_one_use_icon=&#8221;default&#8221; button_one_icon_placement=&#8221;right&#8221; button_one_on_hover=&#8221;on&#8221; button_one_border_radius_hover=&#8221;3&#8243; button_one_letter_spacing_hover=&#8221;0&#8243; custom_button_two=&#8221;off&#8221; button_two_text_size=&#8221;20&#8243; button_two_border_width=&#8221;2&#8243; button_two_border_radius=&#8221;3&#8243; button_two_letter_spacing=&#8221;0&#8243; button_two_use_icon=&#8221;default&#8221; button_two_icon_placement=&#8221;right&#8221; button_two_on_hover=&#8221;on&#8221; button_two_border_radius_hover=&#8221;3&#8243; button_two_letter_spacing_hover=&#8221;0&#8243; background_color=&#8221;#e1dd52&#8243; subhead=&#8221;I dig stories \u2013 Stories Educational [&hellip;]<\/p>\n","protected":false},"author":1,"featured_media":0,"parent":0,"menu_order":1,"comment_status":"closed","ping_status":"closed","template":"","meta":{"_et_pb_use_builder":"on","_et_pb_old_content":"","_et_gb_content_width":""},"yoast_head":"<!-- This site is optimized with the Yoast SEO plugin v15.3 - https:\/\/yoast.com\/wordpress\/plugins\/seo\/ -->\n<title>Project - idigstories<\/title>\n<meta name=\"robots\" content=\"index, follow, max-snippet:-1, max-image-preview:large, max-video-preview:-1\" \/>\n<link rel=\"canonical\" href=\"http:\/\/idigstories.eu\/hu\/idgs-project\/\" \/>\n<meta property=\"og:locale\" content=\"hu_HU\" \/>\n<meta property=\"og:type\" content=\"article\" \/>\n<meta property=\"og:title\" content=\"Project - idigstories\" \/>\n<meta property=\"og:description\" content=\"[et_pb_section admin_label=&#8221;section&#8221; fullwidth=&#8221;on&#8221; specialty=&#8221;off&#8221; inner_shadow=&#8221;off&#8221; parallax=&#8221;off&#8221; background_color=&#8221;#ffffff&#8221; transparent_background=&#8221;off&#8221; allow_player_pause=&#8221;off&#8221; parallax_method=&#8221;off&#8221; padding_mobile=&#8221;off&#8221; make_fullwidth=&#8221;off&#8221; use_custom_width=&#8221;off&#8221; width_unit=&#8221;on&#8221; make_equal=&#8221;off&#8221; use_custom_gutter=&#8221;off&#8221; gutter_width=&#8221;3&#8243;][et_pb_fullwidth_header admin_label=&#8221;Fullwidth Header&#8221; title=&#8221;Project&#8221; background_layout=&#8221;light&#8221; text_orientation=&#8221;left&#8221; header_fullscreen=&#8221;off&#8221; header_scroll_down=&#8221;off&#8221; parallax=&#8221;off&#8221; parallax_method=&#8221;off&#8221; content_orientation=&#8221;center&#8221; image_orientation=&#8221;center&#8221; custom_button_one=&#8221;off&#8221; button_one_text_size=&#8221;20&#8243; button_one_border_width=&#8221;2&#8243; button_one_border_radius=&#8221;3&#8243; button_one_letter_spacing=&#8221;0&#8243; button_one_use_icon=&#8221;default&#8221; button_one_icon_placement=&#8221;right&#8221; button_one_on_hover=&#8221;on&#8221; button_one_border_radius_hover=&#8221;3&#8243; button_one_letter_spacing_hover=&#8221;0&#8243; custom_button_two=&#8221;off&#8221; button_two_text_size=&#8221;20&#8243; button_two_border_width=&#8221;2&#8243; button_two_border_radius=&#8221;3&#8243; button_two_letter_spacing=&#8221;0&#8243; button_two_use_icon=&#8221;default&#8221; button_two_icon_placement=&#8221;right&#8221; button_two_on_hover=&#8221;on&#8221; button_two_border_radius_hover=&#8221;3&#8243; button_two_letter_spacing_hover=&#8221;0&#8243; background_color=&#8221;#e1dd52&#8243; subhead=&#8221;I dig stories \u2013 Stories Educational [&hellip;]\" \/>\n<meta property=\"og:url\" content=\"http:\/\/idigstories.eu\/hu\/idgs-project\/\" \/>\n<meta property=\"og:site_name\" content=\"idigstories\" \/>\n<meta property=\"article:modified_time\" content=\"2016-04-23T10:10:05+00:00\" \/>\n<meta name=\"twitter:card\" content=\"summary\" \/>\n<meta name=\"twitter:label1\" content=\"Szerz\u0151:\">\n\t<meta name=\"twitter:data1\" content=\"coma\">\n\t<meta name=\"twitter:label2\" content=\"Becs\u00fclt olvas\u00e1si id\u0151\">\n\t<meta name=\"twitter:data2\" content=\"6 perc\">\n<script type=\"application\/ld+json\" class=\"yoast-schema-graph\">{\"@context\":\"https:\/\/schema.org\",\"@graph\":[{\"@type\":\"WebSite\",\"@id\":\"http:\/\/idigstories.eu\/it\/#website\",\"url\":\"http:\/\/idigstories.eu\/it\/\",\"name\":\"idigstories\",\"description\":\"Stories Educational Learning Facilities\",\"potentialAction\":[{\"@type\":\"SearchAction\",\"target\":\"http:\/\/idigstories.eu\/it\/?s={search_term_string}\",\"query-input\":\"required name=search_term_string\"}],\"inLanguage\":\"hu\"},{\"@type\":\"WebPage\",\"@id\":\"http:\/\/idigstories.eu\/hu\/idgs-project\/#webpage\",\"url\":\"http:\/\/idigstories.eu\/hu\/idgs-project\/\",\"name\":\"Project - idigstories\",\"isPartOf\":{\"@id\":\"http:\/\/idigstories.eu\/it\/#website\"},\"datePublished\":\"2016-04-23T09:03:17+00:00\",\"dateModified\":\"2016-04-23T10:10:05+00:00\",\"inLanguage\":\"hu\",\"potentialAction\":[{\"@type\":\"ReadAction\",\"target\":[\"http:\/\/idigstories.eu\/hu\/idgs-project\/\"]}]}]}<\/script>\n<!-- \/ Yoast SEO plugin. -->","_links":{"self":[{"href":"https:\/\/idigstories.eu\/hu\/wp-json\/wp\/v2\/pages\/879"}],"collection":[{"href":"https:\/\/idigstories.eu\/hu\/wp-json\/wp\/v2\/pages"}],"about":[{"href":"https:\/\/idigstories.eu\/hu\/wp-json\/wp\/v2\/types\/page"}],"author":[{"embeddable":true,"href":"https:\/\/idigstories.eu\/hu\/wp-json\/wp\/v2\/users\/1"}],"replies":[{"embeddable":true,"href":"https:\/\/idigstories.eu\/hu\/wp-json\/wp\/v2\/comments?post=879"}],"version-history":[{"count":2,"href":"https:\/\/idigstories.eu\/hu\/wp-json\/wp\/v2\/pages\/879\/revisions"}],"predecessor-version":[{"id":973,"href":"https:\/\/idigstories.eu\/hu\/wp-json\/wp\/v2\/pages\/879\/revisions\/973"}],"wp:attachment":[{"href":"https:\/\/idigstories.eu\/hu\/wp-json\/wp\/v2\/media?parent=879"}],"curies":[{"name":"wp","href":"https:\/\/api.w.org\/{rel}","templated":true}]}}